{"id":14,"date":"2023-03-25T10:02:43","date_gmt":"2023-03-25T10:02:43","guid":{"rendered":"https:\/\/emdrup-soepark.dk\/?page_id=14"},"modified":"2023-03-27T04:15:43","modified_gmt":"2023-03-27T04:15:43","slug":"om","status":"publish","type":"page","link":"https:\/\/emdrup-soepark.dk\/?page_id=14","title":{"rendered":"Om"},"content":{"rendered":"\n<blockquote class=\"wp-block-quote has-small-font-size\">\n<p>A\/B Emdrup S\u00f8park blev etableret som andelsboligforening i \u00e5r 2000. <br>Det er her intentionen at skabe s\u00e5 meget gennemsigtighed for andelshaverne, s\u00e5 de har en mulighed for at tage beslutninger p\u00e5 et oplyst grundlag, hvilket idag er st\u00e6rkt udfordret. <br>Der har v\u00e6ret etableret flere forskellige hjemmesider og er slettet igen:<\/p>\n<\/blockquote>\n\n\n\n<figure class=\"wp-block-table is-style-stripes\" style=\"font-size:14px\"><table><tbody><tr><td><strong>Navn\/Dom\u00e6ne<\/strong><\/td><td><strong>Start<\/strong>:<\/td><td><strong>Slut:  <\/strong>     <\/td><\/tr><tr><td>emdrup-soepark.dk<\/td><td>2006<\/td><td>2013?<\/td><\/tr><tr><td>emdrupsoepark.dk <\/td><td>2013<\/td><td>2018?<\/td><\/tr><tr><td>https:\/\/emdrupsoepark.andelsboligweb.dk\/wp-login.php <\/td><td>2019<\/td><td><\/td><\/tr><tr><td>https:\/\/emdrupsopark.probo.dk\/member\/login\/<\/td><td>2020-21<\/td><td><\/td><\/tr><\/tbody><\/table><figcaption class=\"wp-element-caption\">De 4 hjemmesider der har v\u00e6ret\/er i oml\u00f8b fra 2006 og frem til 2023.<\/figcaption><\/figure>\n\n\n\n<pre class=\"wp-block-verse\">Der har siden starten i 2000 kun v\u00e6ret tilknyttet een administrator, i to forskellige konstruktioner, repr\u00e6senteret af 5 forskellige advokater:<\/pre>\n\n\n\n<figure class=\"wp-block-table is-style-stripes\" style=\"font-size:14px\"><table><tbody><tr><td><strong>Advokaterne i Rosenborggade<\/strong><\/td><td><strong>2000-2013<\/strong><\/td><\/tr><tr><td>Advokat Erik Due (H)<\/td><td>2000-2009<\/td><\/tr><tr><td>Advokat Bo Blindkilde (0)<\/td><td>2009-2010<\/td><\/tr><tr><td>Advokat Vagn Blindkilde (L)<\/td><td>2010-2014<\/td><\/tr><tr><td><strong>Advokaterne i Rosenborggade I\/S<\/strong><\/td><td><strong>2014<\/strong>&#8211;<\/td><\/tr><tr><td>Advokat Lars J\u00f8rgen Nielsen (L)<\/td><td>2014-2019<\/td><\/tr><tr><td>Advokat Martin Sigsgaard (0)<\/td><td>2019-<\/td><\/tr><\/tbody><\/table><figcaption class=\"wp-element-caption\">Der er usikkerhed om de forskellige tiltr\u00e6delses- og fratr\u00e6delsesdatoer, af advokaterne, idet det IKKE fremg\u00e5r af bestyrelsesm\u00f8dereferater.<\/figcaption><\/figure>\n","protected":false},"excerpt":{"rendered":"<p>A\/B Emdrup S\u00f8park blev etableret som andelsboligforening i \u00e5r 2000. Det er her intentionen at skabe s\u00e5 meget gennemsigtighed for andelshaverne, s\u00e5 de har en mulighed for at tage beslutninger p\u00e5 et oplyst grundlag, hvilket idag er st\u00e6rkt udfordret. Der har v\u00e6ret etableret flere forskellige hjemmesider og er slettet igen: Navn\/Dom\u00e6ne Start: Slut: emdrup-soepark.dk 2006 [&hellip;]<\/p>\n","protected":false},"author":1,"featured_media":0,"parent":0,"menu_order":3,"comment_status":"closed","ping_status":"closed","template":"","meta":{"footnotes":""},"_links":{"self":[{"href":"https:\/\/emdrup-soepark.dk\/index.php?rest_route=\/wp\/v2\/pages\/14"}],"collection":[{"href":"https:\/\/emdrup-soepark.dk\/index.php?rest_route=\/wp\/v2\/pages"}],"about":[{"href":"https:\/\/emdrup-soepark.dk\/index.php?rest_route=\/wp\/v2\/types\/page"}],"author":[{"embeddable":true,"href":"https:\/\/emdrup-soepark.dk\/index.php?rest_route=\/wp\/v2\/users\/1"}],"replies":[{"embeddable":true,"href":"https:\/\/emdrup-soepark.dk\/index.php?rest_route=%2Fwp%2Fv2%2Fcomments&post=14"}],"version-history":[{"count":13,"href":"https:\/\/emdrup-soepark.dk\/index.php?rest_route=\/wp\/v2\/pages\/14\/revisions"}],"predecessor-version":[{"id":55,"href":"https:\/\/emdrup-soepark.dk\/index.php?rest_route=\/wp\/v2\/pages\/14\/revisions\/55"}],"wp:attachment":[{"href":"https:\/\/emdrup-soepark.dk\/index.php?rest_route=%2Fwp%2Fv2%2Fmedia&parent=14"}],"curies":[{"name":"wp","href":"https:\/\/api.w.org\/{rel}","templated":true}]}}