{"id":19,"date":"2023-03-25T11:40:57","date_gmt":"2023-03-25T11:40:57","guid":{"rendered":"https:\/\/emdrup-soepark.dk\/?page_id=19"},"modified":"2024-06-30T16:15:06","modified_gmt":"2024-06-30T16:15:06","slug":"forside","status":"publish","type":"page","link":"https:\/\/emdrup-soepark.dk\/","title":{"rendered":"Forside"},"content":{"rendered":"\n<figure class=\"wp-block-image size-large is-resized\"><img loading=\"lazy\" decoding=\"async\" width=\"1024\" height=\"473\" src=\"https:\/\/emdrup-soepark.dk\/wp-content\/uploads\/2023\/03\/20230315_135307-1024x473.jpg\" alt=\"\" class=\"wp-image-11\" srcset=\"https:\/\/emdrup-soepark.dk\/wp-content\/uploads\/2023\/03\/20230315_135307-1024x473.jpg 1024w, https:\/\/emdrup-soepark.dk\/wp-content\/uploads\/2023\/03\/20230315_135307-300x139.jpg 300w, https:\/\/emdrup-soepark.dk\/wp-content\/uploads\/2023\/03\/20230315_135307-768x355.jpg 768w, https:\/\/emdrup-soepark.dk\/wp-content\/uploads\/2023\/03\/20230315_135307-1536x710.jpg 1536w, https:\/\/emdrup-soepark.dk\/wp-content\/uploads\/2023\/03\/20230315_135307-2048x946.jpg 2048w\" sizes=\"(max-width: 1024px) 100vw, 1024px\" \/><figcaption class=\"wp-element-caption\">Dato: 15. marts 2023 &#8211; Ingen altaner endnu.<\/figcaption><\/figure>\n\n\n\n<p><\/p>\n\n\n\n<p><a href=\"https:\/\/emdrup-soepark.dk\/wp-content\/uploads\/2023\/07\/Aktindsigt-904942-974500-Samlet.pdf\">Altanprojektet i A\/B Emdrup S\u00f8park &#8211; Aktindsigt<\/a><\/p>\n\n\n\n<p><a href=\"https:\/\/emdrup-soepark.dk\/wp-content\/uploads\/2024\/06\/2022-12-23-Status_paa_altaner.pdf\" data-type=\"link\" data-id=\"https:\/\/emdrup-soepark.dk\/wp-content\/uploads\/2024\/06\/2022-12-23-Status_paa_altaner.pdf\">Status p\u00e5 antal altaner opsat ultimo 2022 i AB Emdrup S\u00f8park &#8211; Se selv!<\/a><br>Ingen opsatte altaner ultimo 2022.<\/p>\n\n\n\n<p><a href=\"https:\/\/emdrup-soepark.dk\/wp-content\/uploads\/2024\/06\/Aarsregnskab-2022-AB-Emdrup-Soepark-28-06-2023.pdf\" data-type=\"link\" data-id=\"https:\/\/emdrup-soepark.dk\/wp-content\/uploads\/2024\/06\/Aarsregnskab-2022-AB-Emdrup-Soepark-28-06-2023.pdf\">\u00c5rsregnskab for 2022 AB Emdrup S\u00f8park<\/a><br>Aktiver: Igangv\u00e6rende altanprojekt Kr. 3.725.957,-<\/p>\n\n\n\n<p><a href=\"https:\/\/emdrup-soepark.dk\/wp-content\/uploads\/2024\/06\/2024-06-30-Status-paa-altaner-i-AB-Emdrup-Soepark.pdf\" data-type=\"link\" data-id=\"https:\/\/emdrup-soepark.dk\/wp-content\/uploads\/2024\/06\/2024-06-30-Status-paa-altaner-i-AB-Emdrup-Soepark.pdf\">Status p\u00e5 antal altaner opsat ultimo 06\/2024 i AB Emdrup S\u00f8park. Se selv!<\/a><\/p>\n","protected":false},"excerpt":{"rendered":"<p>Altanprojektet i A\/B Emdrup S\u00f8park &#8211; Aktindsigt Status p\u00e5 antal altaner opsat ultimo 2022 i AB Emdrup S\u00f8park &#8211; Se selv!Ingen opsatte altaner ultimo 2022. \u00c5rsregnskab for 2022 AB Emdrup S\u00f8parkAktiver: Igangv\u00e6rende altanprojekt Kr. 3.725.957,- Status p\u00e5 antal altaner opsat ultimo 06\/2024 i AB Emdrup S\u00f8park. Se selv!<\/p>\n","protected":false},"author":1,"featured_media":0,"parent":0,"menu_order":0,"comment_status":"closed","ping_status":"closed","template":"","meta":{"footnotes":""},"_links":{"self":[{"href":"https:\/\/emdrup-soepark.dk\/index.php?rest_route=\/wp\/v2\/pages\/19"}],"collection":[{"href":"https:\/\/emdrup-soepark.dk\/index.php?rest_route=\/wp\/v2\/pages"}],"about":[{"href":"https:\/\/emdrup-soepark.dk\/index.php?rest_route=\/wp\/v2\/types\/page"}],"author":[{"embeddable":true,"href":"https:\/\/emdrup-soepark.dk\/index.php?rest_route=\/wp\/v2\/users\/1"}],"replies":[{"embeddable":true,"href":"https:\/\/emdrup-soepark.dk\/index.php?rest_route=%2Fwp%2Fv2%2Fcomments&post=19"}],"version-history":[{"count":12,"href":"https:\/\/emdrup-soepark.dk\/index.php?rest_route=\/wp\/v2\/pages\/19\/revisions"}],"predecessor-version":[{"id":219,"href":"https:\/\/emdrup-soepark.dk\/index.php?rest_route=\/wp\/v2\/pages\/19\/revisions\/219"}],"wp:attachment":[{"href":"https:\/\/emdrup-soepark.dk\/index.php?rest_route=%2Fwp%2Fv2%2Fmedia&parent=19"}],"curies":[{"name":"wp","href":"https:\/\/api.w.org\/{rel}","templated":true}]}}